{"id":916,"date":"2024-07-02T21:27:28","date_gmt":"2024-07-02T19:27:28","guid":{"rendered":"https:\/\/herbulacbd.fr\/?post_type=product&#038;p=916"},"modified":"2026-04-11T08:11:27","modified_gmt":"2026-04-11T06:11:27","slug":"gelules-30mg-cbd-x-30-bio","status":"publish","type":"product","link":"https:\/\/herbulacbd.fr\/index.php\/produit\/gelules-30mg-cbd-x-30-bio\/","title":{"rendered":"G\u00e9lules 30mg CBD X 30 Bio"},"content":{"rendered":"<p>Nos g\u00e9lules en fullspectrum vous aiderons dans vos maux de tous les jours<\/p>\n<p>Elles vous aideront \u00e9galement \u00e0 rester endormi quand vous avez tendance \u00e0 vous r\u00e9veiller la nuit<\/p>\n<p>ce sont des g\u00e9lules que nous avons pris soin de faire fabriquer et qui sont \u00e0 plus de 70% de biodisponibilit\u00e9<\/p>\n<p>efficaces et \u00e0 lib\u00e9ration prolong\u00e9e c\u2019est l\u2019alli\u00e9 id\u00e9al pour un meilleur confort<\/p>\n","protected":false},"excerpt":{"rendered":"<p>Nos g\u00e9lules en fullspectrum vous aiderons dans vos maux de tous les jours Elles vous aideront \u00e9galement \u00e0 rester endormi quand vous avez tendance \u00e0 vous r\u00e9veiller la nuit ce sont des g\u00e9lules que nous avons pris soin de faire fabriquer et qui sont \u00e0 plus de 70% de biodisponibilit\u00e9 efficaces et \u00e0 lib\u00e9ration prolong\u00e9e [&hellip;]<\/p>\n","protected":false},"featured_media":909,"comment_status":"open","ping_status":"closed","template":"","meta":{"ocean_post_layout":"","ocean_both_sidebars_style":"","ocean_both_sidebars_content_width":0,"ocean_both_sidebars_sidebars_width":0,"ocean_sidebar":"0","ocean_second_sidebar":"0","ocean_disable_margins":"enable","ocean_add_body_class":"","ocean_shortcode_before_top_bar":"","ocean_shortcode_after_top_bar":"","ocean_shortcode_before_header":"","ocean_shortcode_after_header":"","ocean_has_shortcode":"","ocean_shortcode_after_title":"","ocean_shortcode_before_footer_widgets":"","ocean_shortcode_after_footer_widgets":"","ocean_shortcode_before_footer_bottom":"","ocean_shortcode_after_footer_bottom":"","ocean_display_top_bar":"default","ocean_display_header":"default","ocean_header_style":"","ocean_center_header_left_menu":"0","ocean_custom_header_template":"0","ocean_custom_logo":0,"ocean_custom_retina_logo":0,"ocean_custom_logo_max_width":0,"ocean_custom_logo_tablet_max_width":0,"ocean_custom_logo_mobile_max_width":0,"ocean_custom_logo_max_height":0,"ocean_custom_logo_tablet_max_height":0,"ocean_custom_logo_mobile_max_height":0,"ocean_header_custom_menu":"0","ocean_menu_typo_font_family":"0","ocean_menu_typo_font_subset":"","ocean_menu_typo_font_size":0,"ocean_menu_typo_font_size_tablet":0,"ocean_menu_typo_font_size_mobile":0,"ocean_menu_typo_font_size_unit":"px","ocean_menu_typo_font_weight":"","ocean_menu_typo_font_weight_tablet":"","ocean_menu_typo_font_weight_mobile":"","ocean_menu_typo_transform":"","ocean_menu_typo_transform_tablet":"","ocean_menu_typo_transform_mobile":"","ocean_menu_typo_line_height":0,"ocean_menu_typo_line_height_tablet":0,"ocean_menu_typo_line_height_mobile":0,"ocean_menu_typo_line_height_unit":"","ocean_menu_typo_spacing":0,"ocean_menu_typo_spacing_tablet":0,"ocean_menu_typo_spacing_mobile":0,"ocean_menu_typo_spacing_unit":"","ocean_menu_link_color":"","ocean_menu_link_color_hover":"","ocean_menu_link_color_active":"","ocean_menu_link_background":"","ocean_menu_link_hover_background":"","ocean_menu_link_active_background":"","ocean_menu_social_links_bg":"","ocean_menu_social_hover_links_bg":"","ocean_menu_social_links_color":"","ocean_menu_social_hover_links_color":"","ocean_disable_title":"default","ocean_disable_heading":"default","ocean_post_title":"","ocean_post_subheading":"","ocean_post_title_style":"","ocean_post_title_background_color":"","ocean_post_title_background":0,"ocean_post_title_bg_image_position":"","ocean_post_title_bg_image_attachment":"","ocean_post_title_bg_image_repeat":"","ocean_post_title_bg_image_size":"","ocean_post_title_height":0,"ocean_post_title_bg_overlay":0.5,"ocean_post_title_bg_overlay_color":"","ocean_disable_breadcrumbs":"default","ocean_breadcrumbs_color":"","ocean_breadcrumbs_separator_color":"","ocean_breadcrumbs_links_color":"","ocean_breadcrumbs_links_hover_color":"","ocean_display_footer_widgets":"default","ocean_display_footer_bottom":"default","ocean_custom_footer_template":"0"},"product_cat":[36],"product_tag":[],"class_list":{"0":"post-916","1":"product","2":"type-product","3":"status-publish","4":"has-post-thumbnail","6":"product_cat-gelules-cbd","8":"entry","9":"has-media","11":"first","12":"instock","13":"taxable","14":"shipping-taxable","15":"purchasable","16":"product-type-simple","17":"has-product-nav","18":"col","19":"span_1_of_3","20":"owp-content-center","21":"owp-thumbs-layout-horizontal","22":"owp-btn-normal","23":"owp-tabs-layout-horizontal"},"yoast_head":"<!-- This site is optimized with the Yoast SEO plugin v22.7 - https:\/\/yoast.com\/wordpress\/plugins\/seo\/ -->\n<title>G\u00e9lules 30mg CBD X 30 Bio - Herbula CBD<\/title>\n<meta name=\"robots\" content=\"index, follow, max-snippet:-1, max-image-preview:large, max-video-preview:-1\" \/>\n<link rel=\"canonical\" href=\"https:\/\/herbulacbd.fr\/index.php\/produit\/gelules-30mg-cbd-x-30-bio\/\" \/>\n<meta property=\"og:locale\" content=\"fr_FR\" \/>\n<meta property=\"og:type\" content=\"article\" \/>\n<meta property=\"og:title\" content=\"G\u00e9lules 30mg CBD X 30 Bio - Herbula CBD\" \/>\n<meta property=\"og:description\" content=\"Nos g\u00e9lules en fullspectrum vous aiderons dans vos maux de tous les jours Elles vous aideront \u00e9galement \u00e0 rester endormi quand vous avez tendance \u00e0 vous r\u00e9veiller la nuit ce sont des g\u00e9lules que nous avons pris soin de faire fabriquer et qui sont \u00e0 plus de 70% de biodisponibilit\u00e9 efficaces et \u00e0 lib\u00e9ration prolong\u00e9e [&hellip;]\" \/>\n<meta property=\"og:url\" content=\"https:\/\/herbulacbd.fr\/index.php\/produit\/gelules-30mg-cbd-x-30-bio\/\" \/>\n<meta property=\"og:site_name\" content=\"Herbula CBD\" \/>\n<meta property=\"article:modified_time\" content=\"2026-04-11T06:11:27+00:00\" \/>\n<meta property=\"og:image\" content=\"https:\/\/herbulacbd.fr\/wp-content\/uploads\/2024\/05\/IMG_0660-scaled.jpeg\" \/>\n\t<meta property=\"og:image:width\" content=\"1920\" \/>\n\t<meta property=\"og:image:height\" content=\"2560\" \/>\n\t<meta property=\"og:image:type\" content=\"image\/jpeg\" \/>\n<meta name=\"twitter:card\" content=\"summary_large_image\" \/>\n<meta name=\"twitter:label1\" content=\"Dur\u00e9e de lecture estim\u00e9e\" \/>\n\t<meta name=\"twitter:data1\" content=\"1 minute\" \/>\n<script type=\"application\/ld+json\" class=\"yoast-schema-graph\">{\"@context\":\"https:\/\/schema.org\",\"@graph\":[{\"@type\":\"WebPage\",\"@id\":\"https:\/\/herbulacbd.fr\/index.php\/produit\/gelules-30mg-cbd-x-30-bio\/\",\"url\":\"https:\/\/herbulacbd.fr\/index.php\/produit\/gelules-30mg-cbd-x-30-bio\/\",\"name\":\"G\u00e9lules 30mg CBD X 30 Bio - Herbula CBD\",\"isPartOf\":{\"@id\":\"https:\/\/herbulacbd.fr\/#website\"},\"primaryImageOfPage\":{\"@id\":\"https:\/\/herbulacbd.fr\/index.php\/produit\/gelules-30mg-cbd-x-30-bio\/#primaryimage\"},\"image\":{\"@id\":\"https:\/\/herbulacbd.fr\/index.php\/produit\/gelules-30mg-cbd-x-30-bio\/#primaryimage\"},\"thumbnailUrl\":\"https:\/\/herbulacbd.fr\/wp-content\/uploads\/2024\/05\/IMG_0660-scaled.jpeg\",\"datePublished\":\"2024-07-02T19:27:28+00:00\",\"dateModified\":\"2026-04-11T06:11:27+00:00\",\"breadcrumb\":{\"@id\":\"https:\/\/herbulacbd.fr\/index.php\/produit\/gelules-30mg-cbd-x-30-bio\/#breadcrumb\"},\"inLanguage\":\"fr-FR\",\"potentialAction\":[{\"@type\":\"ReadAction\",\"target\":[\"https:\/\/herbulacbd.fr\/index.php\/produit\/gelules-30mg-cbd-x-30-bio\/\"]}]},{\"@type\":\"ImageObject\",\"inLanguage\":\"fr-FR\",\"@id\":\"https:\/\/herbulacbd.fr\/index.php\/produit\/gelules-30mg-cbd-x-30-bio\/#primaryimage\",\"url\":\"https:\/\/herbulacbd.fr\/wp-content\/uploads\/2024\/05\/IMG_0660-scaled.jpeg\",\"contentUrl\":\"https:\/\/herbulacbd.fr\/wp-content\/uploads\/2024\/05\/IMG_0660-scaled.jpeg\",\"width\":1920,\"height\":2560},{\"@type\":\"BreadcrumbList\",\"@id\":\"https:\/\/herbulacbd.fr\/index.php\/produit\/gelules-30mg-cbd-x-30-bio\/#breadcrumb\",\"itemListElement\":[{\"@type\":\"ListItem\",\"position\":1,\"name\":\"Accueil\",\"item\":\"https:\/\/herbulacbd.fr\/\"},{\"@type\":\"ListItem\",\"position\":2,\"name\":\"Boutique\",\"item\":\"https:\/\/herbulacbd.fr\/index.php\/boutique\/\"},{\"@type\":\"ListItem\",\"position\":3,\"name\":\"G\u00e9lules 30mg CBD X 30 Bio\"}]},{\"@type\":\"WebSite\",\"@id\":\"https:\/\/herbulacbd.fr\/#website\",\"url\":\"https:\/\/herbulacbd.fr\/\",\"name\":\"Herbula CBD\",\"description\":\"VOTRE SP\u00c9CIALISTE HERBORISTE DE QUALIT\u00c9 SUP\u00c9RIEURE\",\"publisher\":{\"@id\":\"https:\/\/herbulacbd.fr\/#organization\"},\"potentialAction\":[{\"@type\":\"SearchAction\",\"target\":{\"@type\":\"EntryPoint\",\"urlTemplate\":\"https:\/\/herbulacbd.fr\/?s={search_term_string}\"},\"query-input\":\"required name=search_term_string\"}],\"inLanguage\":\"fr-FR\"},{\"@type\":\"Organization\",\"@id\":\"https:\/\/herbulacbd.fr\/#organization\",\"name\":\"Herbula CBD\",\"url\":\"https:\/\/herbulacbd.fr\/\",\"logo\":{\"@type\":\"ImageObject\",\"inLanguage\":\"fr-FR\",\"@id\":\"https:\/\/herbulacbd.fr\/#\/schema\/logo\/image\/\",\"url\":\"https:\/\/herbulacbd.fr\/wp-content\/uploads\/2024\/05\/Design-sans-titre-19.png\",\"contentUrl\":\"https:\/\/herbulacbd.fr\/wp-content\/uploads\/2024\/05\/Design-sans-titre-19.png\",\"width\":1563,\"height\":1563,\"caption\":\"Herbula CBD\"},\"image\":{\"@id\":\"https:\/\/herbulacbd.fr\/#\/schema\/logo\/image\/\"}}]}<\/script>\n<!-- \/ Yoast SEO plugin. -->","yoast_head_json":{"title":"G\u00e9lules 30mg CBD X 30 Bio - Herbula CBD","robots":{"index":"index","follow":"follow","max-snippet":"max-snippet:-1","max-image-preview":"max-image-preview:large","max-video-preview":"max-video-preview:-1"},"canonical":"https:\/\/herbulacbd.fr\/index.php\/produit\/gelules-30mg-cbd-x-30-bio\/","og_locale":"fr_FR","og_type":"article","og_title":"G\u00e9lules 30mg CBD X 30 Bio - Herbula CBD","og_description":"Nos g\u00e9lules en fullspectrum vous aiderons dans vos maux de tous les jours Elles vous aideront \u00e9galement \u00e0 rester endormi quand vous avez tendance \u00e0 vous r\u00e9veiller la nuit ce sont des g\u00e9lules que nous avons pris soin de faire fabriquer et qui sont \u00e0 plus de 70% de biodisponibilit\u00e9 efficaces et \u00e0 lib\u00e9ration prolong\u00e9e [&hellip;]","og_url":"https:\/\/herbulacbd.fr\/index.php\/produit\/gelules-30mg-cbd-x-30-bio\/","og_site_name":"Herbula CBD","article_modified_time":"2026-04-11T06:11:27+00:00","og_image":[{"width":1920,"height":2560,"url":"https:\/\/herbulacbd.fr\/wp-content\/uploads\/2024\/05\/IMG_0660-scaled.jpeg","type":"image\/jpeg"}],"twitter_card":"summary_large_image","twitter_misc":{"Dur\u00e9e de lecture estim\u00e9e":"1 minute"},"schema":{"@context":"https:\/\/schema.org","@graph":[{"@type":"WebPage","@id":"https:\/\/herbulacbd.fr\/index.php\/produit\/gelules-30mg-cbd-x-30-bio\/","url":"https:\/\/herbulacbd.fr\/index.php\/produit\/gelules-30mg-cbd-x-30-bio\/","name":"G\u00e9lules 30mg CBD X 30 Bio - Herbula CBD","isPartOf":{"@id":"https:\/\/herbulacbd.fr\/#website"},"primaryImageOfPage":{"@id":"https:\/\/herbulacbd.fr\/index.php\/produit\/gelules-30mg-cbd-x-30-bio\/#primaryimage"},"image":{"@id":"https:\/\/herbulacbd.fr\/index.php\/produit\/gelules-30mg-cbd-x-30-bio\/#primaryimage"},"thumbnailUrl":"https:\/\/herbulacbd.fr\/wp-content\/uploads\/2024\/05\/IMG_0660-scaled.jpeg","datePublished":"2024-07-02T19:27:28+00:00","dateModified":"2026-04-11T06:11:27+00:00","breadcrumb":{"@id":"https:\/\/herbulacbd.fr\/index.php\/produit\/gelules-30mg-cbd-x-30-bio\/#breadcrumb"},"inLanguage":"fr-FR","potentialAction":[{"@type":"ReadAction","target":["https:\/\/herbulacbd.fr\/index.php\/produit\/gelules-30mg-cbd-x-30-bio\/"]}]},{"@type":"ImageObject","inLanguage":"fr-FR","@id":"https:\/\/herbulacbd.fr\/index.php\/produit\/gelules-30mg-cbd-x-30-bio\/#primaryimage","url":"https:\/\/herbulacbd.fr\/wp-content\/uploads\/2024\/05\/IMG_0660-scaled.jpeg","contentUrl":"https:\/\/herbulacbd.fr\/wp-content\/uploads\/2024\/05\/IMG_0660-scaled.jpeg","width":1920,"height":2560},{"@type":"BreadcrumbList","@id":"https:\/\/herbulacbd.fr\/index.php\/produit\/gelules-30mg-cbd-x-30-bio\/#breadcrumb","itemListElement":[{"@type":"ListItem","position":1,"name":"Accueil","item":"https:\/\/herbulacbd.fr\/"},{"@type":"ListItem","position":2,"name":"Boutique","item":"https:\/\/herbulacbd.fr\/index.php\/boutique\/"},{"@type":"ListItem","position":3,"name":"G\u00e9lules 30mg CBD X 30 Bio"}]},{"@type":"WebSite","@id":"https:\/\/herbulacbd.fr\/#website","url":"https:\/\/herbulacbd.fr\/","name":"Herbula CBD","description":"VOTRE SP\u00c9CIALISTE HERBORISTE DE QUALIT\u00c9 SUP\u00c9RIEURE","publisher":{"@id":"https:\/\/herbulacbd.fr\/#organization"},"potentialAction":[{"@type":"SearchAction","target":{"@type":"EntryPoint","urlTemplate":"https:\/\/herbulacbd.fr\/?s={search_term_string}"},"query-input":"required name=search_term_string"}],"inLanguage":"fr-FR"},{"@type":"Organization","@id":"https:\/\/herbulacbd.fr\/#organization","name":"Herbula CBD","url":"https:\/\/herbulacbd.fr\/","logo":{"@type":"ImageObject","inLanguage":"fr-FR","@id":"https:\/\/herbulacbd.fr\/#\/schema\/logo\/image\/","url":"https:\/\/herbulacbd.fr\/wp-content\/uploads\/2024\/05\/Design-sans-titre-19.png","contentUrl":"https:\/\/herbulacbd.fr\/wp-content\/uploads\/2024\/05\/Design-sans-titre-19.png","width":1563,"height":1563,"caption":"Herbula CBD"},"image":{"@id":"https:\/\/herbulacbd.fr\/#\/schema\/logo\/image\/"}}]}},"_links":{"self":[{"href":"https:\/\/herbulacbd.fr\/index.php\/wp-json\/wp\/v2\/product\/916","targetHints":{"allow":["GET"]}}],"collection":[{"href":"https:\/\/herbulacbd.fr\/index.php\/wp-json\/wp\/v2\/product"}],"about":[{"href":"https:\/\/herbulacbd.fr\/index.php\/wp-json\/wp\/v2\/types\/product"}],"replies":[{"embeddable":true,"href":"https:\/\/herbulacbd.fr\/index.php\/wp-json\/wp\/v2\/comments?post=916"}],"wp:featuredmedia":[{"embeddable":true,"href":"https:\/\/herbulacbd.fr\/index.php\/wp-json\/wp\/v2\/media\/909"}],"wp:attachment":[{"href":"https:\/\/herbulacbd.fr\/index.php\/wp-json\/wp\/v2\/media?parent=916"}],"wp:term":[{"taxonomy":"product_cat","embeddable":true,"href":"https:\/\/herbulacbd.fr\/index.php\/wp-json\/wp\/v2\/product_cat?post=916"},{"taxonomy":"product_tag","embeddable":true,"href":"https:\/\/herbulacbd.fr\/index.php\/wp-json\/wp\/v2\/product_tag?post=916"}],"curies":[{"name":"wp","href":"https:\/\/api.w.org\/{rel}","templated":true}]}}