{"id":8,"date":"2024-05-16T16:29:34","date_gmt":"2024-05-16T14:29:34","guid":{"rendered":"https:\/\/herbulacbd.fr\/index.php\/panier\/"},"modified":"2024-05-16T16:29:34","modified_gmt":"2024-05-16T14:29:34","slug":"panier","status":"publish","type":"page","link":"https:\/\/herbulacbd.fr\/index.php\/panier\/","title":{"rendered":"Panier"},"content":{"rendered":"<div data-block-name=\"woocommerce\/cart\" class=\"wp-block-woocommerce-cart alignwide is-loading\"><div data-block-name=\"woocommerce\/filled-cart-block\" class=\"wp-block-woocommerce-filled-cart-block\"><div data-block-name=\"woocommerce\/cart-items-block\" class=\"wp-block-woocommerce-cart-items-block\"><div data-block-name=\"woocommerce\/cart-line-items-block\" class=\"wp-block-woocommerce-cart-line-items-block\"><\/div>\n\n<div data-block-name=\"woocommerce\/cart-cross-sells-block\" class=\"wp-block-woocommerce-cart-cross-sells-block\">\n<h2 class=\"wp-block-heading has-large-font-size\">\u00c7a peut vous int\u00e9resser&#8230;<\/h2>\n\n\n<div data-block-name=\"woocommerce\/cart-cross-sells-products-block\" class=\"wp-block-woocommerce-cart-cross-sells-products-block\"><\/div><\/div><\/div>\n\n<div data-block-name=\"woocommerce\/cart-totals-block\" class=\"wp-block-woocommerce-cart-totals-block\"><div data-block-name=\"woocommerce\/cart-order-summary-block\" class=\"wp-block-woocommerce-cart-order-summary-block\"><div data-block-name=\"woocommerce\/cart-order-summary-heading-block\" class=\"wp-block-woocommerce-cart-order-summary-heading-block\"><\/div>\n\n<div data-block-name=\"woocommerce\/cart-order-summary-coupon-form-block\" class=\"wp-block-woocommerce-cart-order-summary-coupon-form-block\"><\/div>\n\n<div data-block-name=\"woocommerce\/cart-order-summary-subtotal-block\" class=\"wp-block-woocommerce-cart-order-summary-subtotal-block\"><\/div>\n\n<div data-block-name=\"woocommerce\/cart-order-summary-fee-block\" class=\"wp-block-woocommerce-cart-order-summary-fee-block\"><\/div>\n\n<div data-block-name=\"woocommerce\/cart-order-summary-discount-block\" class=\"wp-block-woocommerce-cart-order-summary-discount-block\"><\/div>\n\n<div data-block-name=\"woocommerce\/cart-order-summary-shipping-block\" class=\"wp-block-woocommerce-cart-order-summary-shipping-block\"><\/div>\n\n<div data-block-name=\"woocommerce\/cart-order-summary-taxes-block\" class=\"wp-block-woocommerce-cart-order-summary-taxes-block\"><\/div><\/div>\n\n<div data-block-name=\"woocommerce\/cart-express-payment-block\" class=\"wp-block-woocommerce-cart-express-payment-block\"><\/div>\n\n<div data-block-name=\"woocommerce\/proceed-to-checkout-block\" class=\"wp-block-woocommerce-proceed-to-checkout-block\"><\/div>\n\n<div data-block-name=\"woocommerce\/cart-accepted-payment-methods-block\" class=\"wp-block-woocommerce-cart-accepted-payment-methods-block\"><\/div><\/div><\/div>\n\n<div data-block-name=\"woocommerce\/empty-cart-block\" class=\"wp-block-woocommerce-empty-cart-block\">\n<h2 class=\"wp-block-heading has-text-align-center with-empty-cart-icon wc-block-cart__empty-cart__title\">Votre panier est actuellement vide\u00a0!<\/h2>\n\n\n\n<hr class=\"wp-block-separator has-alpha-channel-opacity is-style-dots\"\/>\n\n\n\n<h2 class=\"wp-block-heading has-text-align-center\">Nouveau dans la boutique<\/h2>\n\n\n<div data-block-name=\"woocommerce\/product-new\" data-columns=\"4\" data-rows=\"1\" class=\"wc-block-grid wp-block-product-new wc-block-product-new has-4-columns\"><ul class=\"wc-block-grid__products\"><li class=\"wc-block-grid__product\">\n\t\t\t\t<a href=\"https:\/\/herbulacbd.fr\/index.php\/produit\/aubier-de-tilleul-bio-400mg-x-120cp\/\" class=\"wc-block-grid__product-link\">\n\t\t\t\t\t\n\t\t\t\t\t<div class=\"wc-block-grid__product-image\"><img fetchpriority=\"high\" decoding=\"async\" width=\"500\" height=\"500\" src=\"https:\/\/herbulacbd.fr\/wp-content\/uploads\/2025\/09\/IMG_4438-500x500.jpeg\" class=\"attachment-woocommerce_thumbnail size-woocommerce_thumbnail\" alt=\"Aubier de tilleul Bio 400mg x 120cp\" srcset=\"https:\/\/herbulacbd.fr\/wp-content\/uploads\/2025\/09\/IMG_4438-500x500.jpeg 500w, https:\/\/herbulacbd.fr\/wp-content\/uploads\/2025\/09\/IMG_4438-150x150.jpeg 150w, https:\/\/herbulacbd.fr\/wp-content\/uploads\/2025\/09\/IMG_4438-600x600.jpeg 600w, https:\/\/herbulacbd.fr\/wp-content\/uploads\/2025\/09\/IMG_4438-100x100.jpeg 100w\" sizes=\"(max-width: 500px) 100vw, 500px\" \/><\/div>\n\t\t\t\t\t<div class=\"wc-block-grid__product-title\">Aubier de tilleul Bio 400mg x 120cp<\/div>\n\t\t\t\t<\/a>\n\t\t\t\t<div class=\"wc-block-grid__product-price price\"><span class=\"woocommerce-Price-amount amount\">14,90&nbsp;<span class=\"woocommerce-Price-currencySymbol\">&euro;<\/span><\/span><\/div>\n\t\t\t\t\n\t\t\t\t<div class=\"wp-block-button wc-block-grid__product-add-to-cart\"><a href=\"https:\/\/herbulacbd.fr\/index.php\/produit\/aubier-de-tilleul-bio-400mg-x-120cp\/\" aria-label=\"Read more about &ldquo;Aubier de tilleul Bio 400mg x 120cp&rdquo;\" data-quantity=\"1\" data-product_id=\"1201\" data-product_sku=\"\" data-price=\"14.9\" rel=\"nofollow\" class=\"wp-block-button__link  add_to_cart_button\">Read more<\/a><\/div>\n\t\t\t<\/li><li class=\"wc-block-grid__product\">\n\t\t\t\t<a href=\"https:\/\/herbulacbd.fr\/index.php\/produit\/gummies-cbd-100-artisanaux\/\" class=\"wc-block-grid__product-link\">\n\t\t\t\t\t\n\t\t\t\t\t<div class=\"wc-block-grid__product-image\"><img decoding=\"async\" width=\"500\" height=\"500\" src=\"https:\/\/herbulacbd.fr\/wp-content\/uploads\/woocommerce-placeholder-500x500.png\" class=\"woocommerce-placeholder wp-post-image\" alt=\"\" srcset=\"https:\/\/herbulacbd.fr\/wp-content\/uploads\/woocommerce-placeholder-500x500.png 500w, https:\/\/herbulacbd.fr\/wp-content\/uploads\/woocommerce-placeholder-100x100.png 100w, https:\/\/herbulacbd.fr\/wp-content\/uploads\/woocommerce-placeholder.png 1200w\" sizes=\"(max-width: 500px) 100vw, 500px\" \/><\/div>\n\t\t\t\t\t<div class=\"wc-block-grid__product-title\">Gummies CBD 100% artisanaux<\/div>\n\t\t\t\t<\/a>\n\t\t\t\t<div class=\"wc-block-grid__product-price price\"><span class=\"woocommerce-Price-amount amount\">22,00&nbsp;<span class=\"woocommerce-Price-currencySymbol\">&euro;<\/span><\/span> &ndash; <span class=\"woocommerce-Price-amount amount\">24,00&nbsp;<span class=\"woocommerce-Price-currencySymbol\">&euro;<\/span><\/span><\/div>\n\t\t\t\t\n\t\t\t\t<div class=\"wp-block-button wc-block-grid__product-add-to-cart\"><a href=\"https:\/\/herbulacbd.fr\/index.php\/produit\/gummies-cbd-100-artisanaux\/\" aria-label=\"Select options for &ldquo;Gummies CBD 100% artisanaux&rdquo;\" data-quantity=\"1\" data-product_id=\"1189\" data-product_sku=\"\" data-price=\"22\" rel=\"nofollow\" class=\"wp-block-button__link  add_to_cart_button\">Select options<\/a><\/div>\n\t\t\t<\/li><li class=\"wc-block-grid__product\">\n\t\t\t\t<a href=\"https:\/\/herbulacbd.fr\/index.php\/produit\/resine-space-6-a-et-20-cbn\/\" class=\"wc-block-grid__product-link\">\n\t\t\t\t\t\n\t\t\t\t\t<div class=\"wc-block-grid__product-image\"><img decoding=\"async\" width=\"500\" height=\"500\" src=\"https:\/\/herbulacbd.fr\/wp-content\/uploads\/2025\/04\/IMG_3219-500x500.jpeg\" class=\"attachment-woocommerce_thumbnail size-woocommerce_thumbnail\" alt=\"R\u00e9sine SPACE 6% A et 20% cbn\" srcset=\"https:\/\/herbulacbd.fr\/wp-content\/uploads\/2025\/04\/IMG_3219-500x500.jpeg 500w, https:\/\/herbulacbd.fr\/wp-content\/uploads\/2025\/04\/IMG_3219-150x150.jpeg 150w, https:\/\/herbulacbd.fr\/wp-content\/uploads\/2025\/04\/IMG_3219-600x600.jpeg 600w, https:\/\/herbulacbd.fr\/wp-content\/uploads\/2025\/04\/IMG_3219-100x100.jpeg 100w\" sizes=\"(max-width: 500px) 100vw, 500px\" \/><\/div>\n\t\t\t\t\t<div class=\"wc-block-grid__product-title\">R\u00e9sine SPACE 6% A et 20% cbn<\/div>\n\t\t\t\t<\/a>\n\t\t\t\t<div class=\"wc-block-grid__product-price price\"><span class=\"woocommerce-Price-amount amount\">20,00&nbsp;<span class=\"woocommerce-Price-currencySymbol\">&euro;<\/span><\/span> &ndash; <span class=\"woocommerce-Price-amount amount\">90,00&nbsp;<span class=\"woocommerce-Price-currencySymbol\">&euro;<\/span><\/span><\/div>\n\t\t\t\t\n\t\t\t\t<div class=\"wp-block-button wc-block-grid__product-add-to-cart\"><a href=\"https:\/\/herbulacbd.fr\/index.php\/produit\/resine-space-6-a-et-20-cbn\/\" aria-label=\"Select options for &ldquo;R\u00e9sine SPACE 6% A et 20% cbn&rdquo;\" data-quantity=\"1\" data-product_id=\"1165\" data-product_sku=\"\" data-price=\"20\" rel=\"nofollow\" class=\"wp-block-button__link  add_to_cart_button\">Select options<\/a><\/div>\n\t\t\t<\/li><li class=\"wc-block-grid__product\">\n\t\t\t\t<a href=\"https:\/\/herbulacbd.fr\/index.php\/produit\/energy-drink-cbd\/\" class=\"wc-block-grid__product-link\">\n\t\t\t\t\t\n\t\t\t\t\t<div class=\"wc-block-grid__product-image\"><img loading=\"lazy\" decoding=\"async\" width=\"500\" height=\"500\" src=\"https:\/\/herbulacbd.fr\/wp-content\/uploads\/2025\/04\/IMG_31191-500x500.jpg\" class=\"attachment-woocommerce_thumbnail size-woocommerce_thumbnail\" alt=\"Energy Drink CBD\" srcset=\"https:\/\/herbulacbd.fr\/wp-content\/uploads\/2025\/04\/IMG_31191-500x500.jpg 500w, https:\/\/herbulacbd.fr\/wp-content\/uploads\/2025\/04\/IMG_31191-150x150.jpg 150w, https:\/\/herbulacbd.fr\/wp-content\/uploads\/2025\/04\/IMG_31191-600x600.jpg 600w, https:\/\/herbulacbd.fr\/wp-content\/uploads\/2025\/04\/IMG_31191-100x100.jpg 100w\" sizes=\"(max-width: 500px) 100vw, 500px\" \/><\/div>\n\t\t\t\t\t<div class=\"wc-block-grid__product-title\">Energy Drink CBD<\/div>\n\t\t\t\t<\/a>\n\t\t\t\t<div class=\"wc-block-grid__product-price price\"><span class=\"woocommerce-Price-amount amount\">4,50&nbsp;<span class=\"woocommerce-Price-currencySymbol\">&euro;<\/span><\/span><\/div>\n\t\t\t\t\n\t\t\t\t<div class=\"wp-block-button wc-block-grid__product-add-to-cart\"><a href=\"?add-to-cart=1164\" aria-label=\"Add to cart: &ldquo;Energy Drink CBD&rdquo;\" data-quantity=\"1\" data-product_id=\"1164\" data-product_sku=\"\" data-price=\"4.5\" rel=\"nofollow\" class=\"wp-block-button__link  add_to_cart_button ajax_add_to_cart\">Add to cart<\/a><\/div>\n\t\t\t<\/li><\/ul><\/div><\/div><\/div>","protected":false},"excerpt":{"rendered":"","protected":false},"author":1,"featured_media":0,"parent":0,"menu_order":0,"comment_status":"closed","ping_status":"closed","template":"","meta":{"ocean_post_layout":"","ocean_both_sidebars_style":"","ocean_both_sidebars_content_width":0,"ocean_both_sidebars_sidebars_width":0,"ocean_sidebar":"","ocean_second_sidebar":"","ocean_disable_margins":"enable","ocean_add_body_class":"","ocean_shortcode_before_top_bar":"","ocean_shortcode_after_top_bar":"","ocean_shortcode_before_header":"","ocean_shortcode_after_header":"","ocean_has_shortcode":"","ocean_shortcode_after_title":"","ocean_shortcode_before_footer_widgets":"","ocean_shortcode_after_footer_widgets":"","ocean_shortcode_before_footer_bottom":"","ocean_shortcode_after_footer_bottom":"","ocean_display_top_bar":"default","ocean_display_header":"default","ocean_header_style":"","ocean_center_header_left_menu":"","ocean_custom_header_template":"","ocean_custom_logo":0,"ocean_custom_retina_logo":0,"ocean_custom_logo_max_width":0,"ocean_custom_logo_tablet_max_width":0,"ocean_custom_logo_mobile_max_width":0,"ocean_custom_logo_max_height":0,"ocean_custom_logo_tablet_max_height":0,"ocean_custom_logo_mobile_max_height":0,"ocean_header_custom_menu":"","ocean_menu_typo_font_family":"","ocean_menu_typo_font_subset":"","ocean_menu_typo_font_size":0,"ocean_menu_typo_font_size_tablet":0,"ocean_menu_typo_font_size_mobile":0,"ocean_menu_typo_font_size_unit":"px","ocean_menu_typo_font_weight":"","ocean_menu_typo_font_weight_tablet":"","ocean_menu_typo_font_weight_mobile":"","ocean_menu_typo_transform":"","ocean_menu_typo_transform_tablet":"","ocean_menu_typo_transform_mobile":"","ocean_menu_typo_line_height":0,"ocean_menu_typo_line_height_tablet":0,"ocean_menu_typo_line_height_mobile":0,"ocean_menu_typo_line_height_unit":"","ocean_menu_typo_spacing":0,"ocean_menu_typo_spacing_tablet":0,"ocean_menu_typo_spacing_mobile":0,"ocean_menu_typo_spacing_unit":"","ocean_menu_link_color":"","ocean_menu_link_color_hover":"","ocean_menu_link_color_active":"","ocean_menu_link_background":"","ocean_menu_link_hover_background":"","ocean_menu_link_active_background":"","ocean_menu_social_links_bg":"","ocean_menu_social_hover_links_bg":"","ocean_menu_social_links_color":"","ocean_menu_social_hover_links_color":"","ocean_disable_title":"default","ocean_disable_heading":"default","ocean_post_title":"","ocean_post_subheading":"","ocean_post_title_style":"","ocean_post_title_background_color":"","ocean_post_title_background":0,"ocean_post_title_bg_image_position":"","ocean_post_title_bg_image_attachment":"","ocean_post_title_bg_image_repeat":"","ocean_post_title_bg_image_size":"","ocean_post_title_height":0,"ocean_post_title_bg_overlay":0.5,"ocean_post_title_bg_overlay_color":"","ocean_disable_breadcrumbs":"default","ocean_breadcrumbs_color":"","ocean_breadcrumbs_separator_color":"","ocean_breadcrumbs_links_color":"","ocean_breadcrumbs_links_hover_color":"","ocean_display_footer_widgets":"default","ocean_display_footer_bottom":"default","ocean_custom_footer_template":"","footnotes":""},"class_list":["post-8","page","type-page","status-publish","hentry","entry","owp-thumbs-layout-horizontal","owp-btn-normal","owp-tabs-layout-horizontal","has-no-thumbnails","has-product-nav"],"yoast_head":"<!-- This site is optimized with the Yoast SEO plugin v22.7 - https:\/\/yoast.com\/wordpress\/plugins\/seo\/ -->\n<title>Panier - Herbula CBD<\/title>\n<meta name=\"robots\" content=\"index, follow, max-snippet:-1, max-image-preview:large, max-video-preview:-1\" \/>\n<link rel=\"canonical\" href=\"https:\/\/herbulacbd.fr\/index.php\/panier\/\" \/>\n<meta property=\"og:locale\" content=\"fr_FR\" \/>\n<meta property=\"og:type\" content=\"article\" \/>\n<meta property=\"og:title\" content=\"Panier - Herbula CBD\" \/>\n<meta property=\"og:url\" content=\"https:\/\/herbulacbd.fr\/index.php\/panier\/\" \/>\n<meta property=\"og:site_name\" content=\"Herbula CBD\" \/>\n<meta name=\"twitter:card\" content=\"summary_large_image\" \/>\n<script type=\"application\/ld+json\" class=\"yoast-schema-graph\">{\"@context\":\"https:\/\/schema.org\",\"@graph\":[{\"@type\":\"WebPage\",\"@id\":\"https:\/\/herbulacbd.fr\/index.php\/panier\/\",\"url\":\"https:\/\/herbulacbd.fr\/index.php\/panier\/\",\"name\":\"Panier - Herbula CBD\",\"isPartOf\":{\"@id\":\"https:\/\/herbulacbd.fr\/#website\"},\"datePublished\":\"2024-05-16T14:29:34+00:00\",\"dateModified\":\"2024-05-16T14:29:34+00:00\",\"breadcrumb\":{\"@id\":\"https:\/\/herbulacbd.fr\/index.php\/panier\/#breadcrumb\"},\"inLanguage\":\"fr-FR\",\"potentialAction\":[{\"@type\":\"ReadAction\",\"target\":[\"https:\/\/herbulacbd.fr\/index.php\/panier\/\"]}]},{\"@type\":\"BreadcrumbList\",\"@id\":\"https:\/\/herbulacbd.fr\/index.php\/panier\/#breadcrumb\",\"itemListElement\":[{\"@type\":\"ListItem\",\"position\":1,\"name\":\"Accueil\",\"item\":\"https:\/\/herbulacbd.fr\/\"},{\"@type\":\"ListItem\",\"position\":2,\"name\":\"Panier\"}]},{\"@type\":\"WebSite\",\"@id\":\"https:\/\/herbulacbd.fr\/#website\",\"url\":\"https:\/\/herbulacbd.fr\/\",\"name\":\"Herbula CBD\",\"description\":\"VOTRE SP\u00c9CIALISTE HERBORISTE DE QUALIT\u00c9 SUP\u00c9RIEURE\",\"publisher\":{\"@id\":\"https:\/\/herbulacbd.fr\/#organization\"},\"potentialAction\":[{\"@type\":\"SearchAction\",\"target\":{\"@type\":\"EntryPoint\",\"urlTemplate\":\"https:\/\/herbulacbd.fr\/?s={search_term_string}\"},\"query-input\":\"required name=search_term_string\"}],\"inLanguage\":\"fr-FR\"},{\"@type\":\"Organization\",\"@id\":\"https:\/\/herbulacbd.fr\/#organization\",\"name\":\"Herbula CBD\",\"url\":\"https:\/\/herbulacbd.fr\/\",\"logo\":{\"@type\":\"ImageObject\",\"inLanguage\":\"fr-FR\",\"@id\":\"https:\/\/herbulacbd.fr\/#\/schema\/logo\/image\/\",\"url\":\"https:\/\/herbulacbd.fr\/wp-content\/uploads\/2024\/05\/Design-sans-titre-19.png\",\"contentUrl\":\"https:\/\/herbulacbd.fr\/wp-content\/uploads\/2024\/05\/Design-sans-titre-19.png\",\"width\":1563,\"height\":1563,\"caption\":\"Herbula CBD\"},\"image\":{\"@id\":\"https:\/\/herbulacbd.fr\/#\/schema\/logo\/image\/\"}}]}<\/script>\n<!-- \/ Yoast SEO plugin. -->","yoast_head_json":{"title":"Panier - Herbula CBD","robots":{"index":"index","follow":"follow","max-snippet":"max-snippet:-1","max-image-preview":"max-image-preview:large","max-video-preview":"max-video-preview:-1"},"canonical":"https:\/\/herbulacbd.fr\/index.php\/panier\/","og_locale":"fr_FR","og_type":"article","og_title":"Panier - Herbula CBD","og_url":"https:\/\/herbulacbd.fr\/index.php\/panier\/","og_site_name":"Herbula CBD","twitter_card":"summary_large_image","schema":{"@context":"https:\/\/schema.org","@graph":[{"@type":"WebPage","@id":"https:\/\/herbulacbd.fr\/index.php\/panier\/","url":"https:\/\/herbulacbd.fr\/index.php\/panier\/","name":"Panier - Herbula CBD","isPartOf":{"@id":"https:\/\/herbulacbd.fr\/#website"},"datePublished":"2024-05-16T14:29:34+00:00","dateModified":"2024-05-16T14:29:34+00:00","breadcrumb":{"@id":"https:\/\/herbulacbd.fr\/index.php\/panier\/#breadcrumb"},"inLanguage":"fr-FR","potentialAction":[{"@type":"ReadAction","target":["https:\/\/herbulacbd.fr\/index.php\/panier\/"]}]},{"@type":"BreadcrumbList","@id":"https:\/\/herbulacbd.fr\/index.php\/panier\/#breadcrumb","itemListElement":[{"@type":"ListItem","position":1,"name":"Accueil","item":"https:\/\/herbulacbd.fr\/"},{"@type":"ListItem","position":2,"name":"Panier"}]},{"@type":"WebSite","@id":"https:\/\/herbulacbd.fr\/#website","url":"https:\/\/herbulacbd.fr\/","name":"Herbula CBD","description":"VOTRE SP\u00c9CIALISTE HERBORISTE DE QUALIT\u00c9 SUP\u00c9RIEURE","publisher":{"@id":"https:\/\/herbulacbd.fr\/#organization"},"potentialAction":[{"@type":"SearchAction","target":{"@type":"EntryPoint","urlTemplate":"https:\/\/herbulacbd.fr\/?s={search_term_string}"},"query-input":"required name=search_term_string"}],"inLanguage":"fr-FR"},{"@type":"Organization","@id":"https:\/\/herbulacbd.fr\/#organization","name":"Herbula CBD","url":"https:\/\/herbulacbd.fr\/","logo":{"@type":"ImageObject","inLanguage":"fr-FR","@id":"https:\/\/herbulacbd.fr\/#\/schema\/logo\/image\/","url":"https:\/\/herbulacbd.fr\/wp-content\/uploads\/2024\/05\/Design-sans-titre-19.png","contentUrl":"https:\/\/herbulacbd.fr\/wp-content\/uploads\/2024\/05\/Design-sans-titre-19.png","width":1563,"height":1563,"caption":"Herbula CBD"},"image":{"@id":"https:\/\/herbulacbd.fr\/#\/schema\/logo\/image\/"}}]}},"_links":{"self":[{"href":"https:\/\/herbulacbd.fr\/index.php\/wp-json\/wp\/v2\/pages\/8","targetHints":{"allow":["GET"]}}],"collection":[{"href":"https:\/\/herbulacbd.fr\/index.php\/wp-json\/wp\/v2\/pages"}],"about":[{"href":"https:\/\/herbulacbd.fr\/index.php\/wp-json\/wp\/v2\/types\/page"}],"author":[{"embeddable":true,"href":"https:\/\/herbulacbd.fr\/index.php\/wp-json\/wp\/v2\/users\/1"}],"replies":[{"embeddable":true,"href":"https:\/\/herbulacbd.fr\/index.php\/wp-json\/wp\/v2\/comments?post=8"}],"version-history":[{"count":0,"href":"https:\/\/herbulacbd.fr\/index.php\/wp-json\/wp\/v2\/pages\/8\/revisions"}],"wp:attachment":[{"href":"https:\/\/herbulacbd.fr\/index.php\/wp-json\/wp\/v2\/media?parent=8"}],"curies":[{"name":"wp","href":"https:\/\/api.w.org\/{rel}","templated":true}]}}